{"id":6176,"date":"2023-08-28T10:46:32","date_gmt":"2023-08-28T08:46:32","guid":{"rendered":"https:\/\/kemtag.fr\/agri\/?post_type=product&#038;p=6176"},"modified":"2023-08-28T10:48:23","modified_gmt":"2023-08-28T08:48:23","slug":"plateforme-kemtag","status":"publish","type":"product","link":"https:\/\/agri.kemtag.fr\/index.php\/produit\/plateforme-kemtag\/","title":{"rendered":"Plateforme KEMTAG"},"content":{"rendered":"<p>La solution Kemtag vous permet de <b>simplifier<\/b> et <b>fiabiliser le suivi d\u2019activit\u00e9<\/b> de vos <b>\u00e9quipements et mat\u00e9riels agricole<\/b><b>s<\/b>.<\/p>\n<p>L\u2019objectif de la plateforme est de g\u00e9n\u00e9rer <b>les rapports d\u2019activit\u00e9<\/b> par \u00e9quipement ou par client afin de fournir les informations n\u00e9cessaires \u00e0 la <b>facturation de vos chantiers et locations<\/b>.<\/p>\n<p>Les fonctionnalit\u00e9s de la plate-forme sont\u00a0:<\/p>\n<ul>\n<li><b>Gestion de flotte mat\u00e9riel<\/b>\u00a0: descriptif, calibrage, configuration des alarmes, co\u00fbt de fonctionnement, carnet d\u2019entretien (planification et tra\u00e7abilit\u00e9 des interventions)<\/li>\n<li>Gestion utilisateur : r\u00f4les, fiches contact, groupes.<\/li>\n<li>Gestion de la <b>r\u00e9servation<\/b> du mat\u00e9riel par les utilisateurs\u00a0par internet ou par SMS.<\/li>\n<li>Visualisation instantan\u00e9e des outils en cours de r\u00e9servation.<\/li>\n<li><b>Visualisation et g\u00e9olocalisation des chantiers<\/b> sous forme d\u2019agenda.<\/li>\n<li>G\u00e9n\u00e9ration des <strong>rapports d&#8217;activit\u00e9s<\/strong> et des <strong>bons de travaux<\/strong>.<\/li>\n<li><span lang=\"fr-FR\">Gestion des compteurs\u00a0: affectation, <\/span><span lang=\"fr-FR\">alarme batterie\u2026<\/span><\/li>\n<\/ul>\n<p><span lang=\"fr-FR\">L\u2019activit\u00e9 du mat\u00e9riel est mesur\u00e9e et g\u00e9olocalis\u00e9e par les compteurs connect\u00e9s OGO, PTO, Tracktag.<\/span><\/p>\n<p>L&#8217;activit\u00e9 peut \u00e9galement \u00eatre remont\u00e9e\u00a0 par le chauffeur via l&#8217;envoi de SMS \u00e0 l&#8217;aide des QR code des plaques SMS.<\/p>\n<p>Ces <b>compteurs <\/b>sont capables de mesurer l\u2019activit\u00e9 de n\u2019importe quel \u00e9quipement\u00a0: nombre de rotation, kilom\u00e8tre parcourue, surface travaill\u00e9e, nombre d\u2019impulsion, consommation \u00e9lectrique, distribution de carburant, consommation d\u2019eau, temps d\u2019utilisation, temps de trajet\u2026.<\/p>\n<p>Notre solution est \u00e9galement disponible en version OEM\u00a0: n\u2019h\u00e9siter \u00e0 prendre contact avec nos services pour plus d\u2019information.<\/p>\n","protected":false},"excerpt":{"rendered":"<p>La plateforme Kemtag vous permet de g\u00e9rer :<\/p>\n<ul>\n<li><span lang=\"fr-FR\">votre flotte <\/span><span lang=\"fr-FR\"><b>d\u2019\u00e9quipement<\/b><\/span><\/li>\n<li><span lang=\"fr-FR\"><b>l\u2019entretien<\/b><\/span> <span lang=\"fr-FR\">du mat\u00e9riel<\/span><\/li>\n<li>le <strong>planning<\/strong> des locations et des chantiers<\/li>\n<\/ul>\n<ul>\n<li><span lang=\"fr-FR\">la r\u00e9alisation des <\/span><span lang=\"fr-FR\"><b>chantiers<\/b><\/span><\/li>\n<li>l&#8217;\u00e9dition des <strong>bons de travaux<\/strong><\/li>\n<li><span lang=\"fr-FR\">les <\/span><span lang=\"fr-FR\"><b>rapports<\/b><\/span> <span lang=\"fr-FR\">pour la facturation<\/span><\/li>\n<\/ul>\n<p>L\u2019abonnement \u00e0 la plate-forme est annuel.<\/p>\n","protected":false},"featured_media":6177,"template":"","meta":[],"product_cat":[59],"product_tag":[93,92,94],"class_list":["post-6176","product","type-product","status-publish","has-post-thumbnail","hentry","product_cat-plateforme-gestion","product_tag-bon-de-travaux","product_tag-gestion-materiel","product_tag-rapport-activite"],"_links":{"self":[{"href":"https:\/\/agri.kemtag.fr\/index.php\/wp-json\/wp\/v2\/product\/6176","targetHints":{"allow":["GET"]}}],"collection":[{"href":"https:\/\/agri.kemtag.fr\/index.php\/wp-json\/wp\/v2\/product"}],"about":[{"href":"https:\/\/agri.kemtag.fr\/index.php\/wp-json\/wp\/v2\/types\/product"}],"wp:featuredmedia":[{"embeddable":true,"href":"https:\/\/agri.kemtag.fr\/index.php\/wp-json\/wp\/v2\/media\/6177"}],"wp:attachment":[{"href":"https:\/\/agri.kemtag.fr\/index.php\/wp-json\/wp\/v2\/media?parent=6176"}],"wp:term":[{"taxonomy":"product_cat","embeddable":true,"href":"https:\/\/agri.kemtag.fr\/index.php\/wp-json\/wp\/v2\/product_cat?post=6176"},{"taxonomy":"product_tag","embeddable":true,"href":"https:\/\/agri.kemtag.fr\/index.php\/wp-json\/wp\/v2\/product_tag?post=6176"}],"curies":[{"name":"wp","href":"https:\/\/api.w.org\/{rel}","templated":true}]}}