{"id":6172,"date":"2023-08-28T10:33:35","date_gmt":"2023-08-28T08:33:35","guid":{"rendered":"https:\/\/kemtag.fr\/agri\/?post_type=product&#038;p=6172"},"modified":"2023-08-28T10:37:20","modified_gmt":"2023-08-28T08:37:20","slug":"plaque-sms-ogo","status":"publish","type":"product","link":"https:\/\/agri.kemtag.fr\/index.php\/produit\/plaque-sms-ogo\/","title":{"rendered":"Plaque SMS OGO"},"content":{"rendered":"<p>Nos plaques SMS sont r\u00e9alis\u00e9es en <b>ALU Teint\u00e9 dans la masse<\/b> pour une meilleure tenue en conditions ext\u00e9rieures, 4 trous permettent une fixation simple sur le mat\u00e9riel \u00e0 suivre.<\/p>\n<p>Le responsable de flotte peut donc conna\u00eetre <strong>en temps-r\u00e9el la disponibilit\u00e9 de son mat\u00e9riel<\/strong>, qui l&#8217;utilise et les travaux r\u00e9alis\u00e9s.<\/p>\n<p>Elles permettent aux utilisateurs de d\u00e9clarer en temps r\u00e9el l&#8217;utilisation du mat\u00e9riel par l&#8217;envoi de SMS \u00e0 la plateforme KEMTAG : plus besoin de r\u00e9server ou de modifier une r\u00e9servation sur la plate-forme, ni d&#8217;application installer sur le t\u00e9l\u00e9phone : <strong>un simple SMS suffit<\/strong>.<\/p>\n<p>Toutes les r\u00e9servations d\u00e9clarer par SMS sont visibles sur la plate-forme Kemtag par les responsables et les utilisateurs.<\/p>\n<p>Une plaque dispose de <b>2 QR-codes uniques<\/b> qui permettent de g\u00e9n\u00e9rer automatique les SMS en \u00e0 envoyer : l&#8217;un lors de la prise du mat\u00e9riel, l&#8217;autre lors du retour.<\/p>\n<p>Pour les t\u00e9l\u00e9phone ne permettant pas la lecture de QR-code, il suffit de saisir et d\u2019envoyer les informations de la plaque par SMS.<\/p>\n<p>Les plaques SMS permettent \u00e9galement de <strong>remonter vers la plate-forme Kemtag les valeurs de tout compteur &#8220;classique&#8221;<\/strong> \u00e9quipant le mat\u00e9riel : compte-tour m\u00e9canique, compteur horaire,&#8230;<\/p>\n<p>Les plaques SMS permettent \u00e9galement \u00e0 l&#8217;utilisateur de <strong>d\u00e9clarer les surfaces, unit\u00e9s r\u00e9alis\u00e9es <\/strong><strong>ou le temps d\u2019utilisation<\/strong>.<\/p>\n","protected":false},"excerpt":{"rendered":"<p>Les plaques SMS Kemtag sont une <b>solution unique<\/b> pour la gestion du planning des chantiers<\/p>\n<p>D\u00e9claration des d\u00e9buts et des fins de <b>chantier par SMS<\/b><\/p>\n<p>D\u00e9claration de l\u2019<b>activit\u00e9 par SMS<\/b>\u00a0: temps, surface\u2026<\/p>\n<p><b>Identification <\/b><b>automatique<\/b> de l&#8217;utilisateur et du mat\u00e9riel<\/p>\n<p>Int\u00e9gration de tous <b>types de compteurs<\/b> sur la plateforme KEMTAG<\/p>\n<p>Caract\u00e9ristique\u00a0:<\/p>\n<ul>\n<li>Plaque teint\u00e9e dans la masse.<\/li>\n<li>QR code de pr\u00e9-saisie.<\/li>\n<li><b>Compatible tout t\u00e9l\u00e9phone<\/b>.<\/li>\n<li><b>Suivi<\/b><b> en temps r\u00e9el <\/b><b>de la disponibilit\u00e9<\/b>.<\/li>\n<\/ul>\n","protected":false},"featured_media":6173,"template":"","meta":[],"product_cat":[15,59],"product_tag":[91,90],"class_list":["post-6172","product","type-product","status-publish","has-post-thumbnail","hentry","product_cat-non-classe","product_cat-plateforme-gestion","product_tag-bon-de-travaux-sms","product_tag-reservation-par-sms"],"_links":{"self":[{"href":"https:\/\/agri.kemtag.fr\/index.php\/wp-json\/wp\/v2\/product\/6172","targetHints":{"allow":["GET"]}}],"collection":[{"href":"https:\/\/agri.kemtag.fr\/index.php\/wp-json\/wp\/v2\/product"}],"about":[{"href":"https:\/\/agri.kemtag.fr\/index.php\/wp-json\/wp\/v2\/types\/product"}],"wp:featuredmedia":[{"embeddable":true,"href":"https:\/\/agri.kemtag.fr\/index.php\/wp-json\/wp\/v2\/media\/6173"}],"wp:attachment":[{"href":"https:\/\/agri.kemtag.fr\/index.php\/wp-json\/wp\/v2\/media?parent=6172"}],"wp:term":[{"taxonomy":"product_cat","embeddable":true,"href":"https:\/\/agri.kemtag.fr\/index.php\/wp-json\/wp\/v2\/product_cat?post=6172"},{"taxonomy":"product_tag","embeddable":true,"href":"https:\/\/agri.kemtag.fr\/index.php\/wp-json\/wp\/v2\/product_tag?post=6172"}],"curies":[{"name":"wp","href":"https:\/\/api.w.org\/{rel}","templated":true}]}}