{"id":6167,"date":"2023-08-28T09:52:30","date_gmt":"2023-08-28T07:52:30","guid":{"rendered":"https:\/\/kemtag.fr\/agri\/?post_type=product&#038;p=6167"},"modified":"2023-08-28T10:01:00","modified_gmt":"2023-08-28T08:01:00","slug":"hubodometre-ogo","status":"publish","type":"product","link":"https:\/\/agri.kemtag.fr\/index.php\/produit\/hubodometre-ogo\/","title":{"rendered":"Hubodom\u00e8tre OGO"},"content":{"rendered":"<p><u><b>Description :<\/b><\/u><\/p>\n<p>Le Compte-tour connect\u00e9 OGO permet de mesurer l&#8217;activit\u00e9 de <b>tout mat\u00e9riel \u00e9quip\u00e9 d&#8217;un \u00e9l\u00e9ment roulant<\/b>.<\/p>\n<p>Le responsable peut donc conna\u00eetre le <b>nombre de tour, le temps d&#8217;utilisation, la distance parcourue <\/b><b>et<\/b><b> la surface travaill\u00e9e<\/b>.<\/p>\n<p><span lang=\"fr-FR\">Le compte-tour <\/span><span lang=\"fr-FR\">connect\u00e9 <\/span><span lang=\"fr-FR\">OGO est autonome\u00a0:<\/span><\/p>\n<ul>\n<li><span lang=\"fr-FR\">Il dispose d\u2019une batterie interne recha<\/span><span lang=\"fr-FR\">r<\/span><span lang=\"fr-FR\">geable lui procurant plusieurs mois d\u2019autonomie.<\/span><\/li>\n<li><span lang=\"fr-FR\">Il enregistre l\u2019activit\u00e9 dans une m\u00e9moire en interne.<\/span><\/li>\n<\/ul>\n<p>La r\u00e9cup\u00e9ration des activit\u00e9s s&#8217;effectuent par l\u2019interm\u00e9diaire une <b>application mobile <\/b><b>Android<\/b> ou en temps r\u00e9el gr\u00e2ce au bo\u00eetier Tracktag.<\/p>\n<p>La visualisation s\u2019effectue sur la plate-forme web Kemtag sous la forme <b>d\u2019agenda<\/b> et de <b>courbes d\u2019activit\u00e9<\/b>.<\/p>\n<p>Les dimensions r\u00e9duites et la fixation \u00e0 l&#8217;aide de <b>3 aimants puissants<\/b> rend le montage du compteur extr\u00eamement simple et rapide. Il existe \u00e9galement en option un kit de fixation pour une protection renforc\u00e9e.<\/p>\n<p>Dimension\u00a0du compteur : <b>diam\u00e8tre 90mm, hauteur 23 mm<\/b>.<\/p>\n<p>Autonomie de <b>3 \u00e0 6 mois<\/b> en fonction de l\u2019activit\u00e9 du mat\u00e9riel.<\/p>\n<p>Ce compteur d\u2019activit\u00e9 connect\u00e9 OGO permet de suivre l\u2019activit\u00e9 de tous les mat\u00e9riels roulants : tracteur, t\u00e9lescopique, remorque&#8230;<\/p>\n<p>Il est \u00e9galement particuli\u00e8rement adapt\u00e9 pour suivre l\u2019activit\u00e9 les outils de travail du sol muni d&#8217;un rouleau arri\u00e8re : semoir, herse, fissurateur, rouleau\u2026<\/p>\n<p>Le compteur connect\u00e9 simplifie le suivi des entretiens en donnant les heures d\u2019utilisation et les distances parcourues permettant ainsi le <b>maintien en condition op\u00e9rationnelle<\/b> de votre mat\u00e9riel en optimisation les co\u00fbt d\u2019entretien.<\/p>\n<p>Associ\u00e9 \u00e0 la plateforme Kemtag, il permet de r\u00e9aliser la maintenance pr\u00e9ventive et de g\u00e9n\u00e9rer les alarmes p\u00e9riodiques d\u2019entretien bas\u00e9e sur l\u2019utilisation r\u00e9elle du mat\u00e9riel.<\/p>\n","protected":false},"excerpt":{"rendered":"<p>Le compte-tour OGO est une <b>solution brevet\u00e9e<\/b> permettant de <b>mesurer l\u2019activit\u00e9<\/b> de tout mat\u00e9riel disposant d\u2019un <b>\u00e9l\u00e9ment roulant<\/b>.<\/p>\n<p><b>Fonctionnalit\u00e9<\/b><b> d<\/b><b>u<\/b><b> <\/b><b>compte-tour OGO<\/b> <b>:\u00a0 <\/b><\/p>\n<ul>\n<li>Compteur d\u2019unit\u00e9s et de temps<\/li>\n<li>Compteur d\u2019hectare et de Kilom\u00e8tre<\/li>\n<li>Historique de d\u2019utilisation<\/li>\n<li>Calcul automatique des d\u00e9bits de chantier<\/li>\n<li>simplification de la facturation<\/li>\n<\/ul>\n<p><b>Interface Bluetooth<\/b> compatible application Android<\/p>\n<p>Montage et mise en route rapide<\/p>\n<p>Fonctionnement sur <b>batterie <\/b><b>interne rechargeable<\/b><\/p>\n<p>Rechargeable \u00e0 l\u2019aide d\u2019un socle USB<\/p>\n<p><b>En option<\/b> <b>: <\/b><\/p>\n<ul>\n<li>kit support pour une protection renforc\u00e9e<\/li>\n<\/ul>\n","protected":false},"featured_media":6088,"template":"","meta":[],"product_cat":[88],"product_tag":[44,45,46,89,86,87],"class_list":["post-6167","product","type-product","status-publish","has-post-thumbnail","hentry","product_cat-compteur","product_tag-compteur-activite","product_tag-compteur-agricole","product_tag-compteur-connecte","product_tag-compteur-hectare","product_tag-compteur-horaire-agricole","product_tag-compteur-prise-de-force"],"_links":{"self":[{"href":"https:\/\/agri.kemtag.fr\/index.php\/wp-json\/wp\/v2\/product\/6167","targetHints":{"allow":["GET"]}}],"collection":[{"href":"https:\/\/agri.kemtag.fr\/index.php\/wp-json\/wp\/v2\/product"}],"about":[{"href":"https:\/\/agri.kemtag.fr\/index.php\/wp-json\/wp\/v2\/types\/product"}],"wp:featuredmedia":[{"embeddable":true,"href":"https:\/\/agri.kemtag.fr\/index.php\/wp-json\/wp\/v2\/media\/6088"}],"wp:attachment":[{"href":"https:\/\/agri.kemtag.fr\/index.php\/wp-json\/wp\/v2\/media?parent=6167"}],"wp:term":[{"taxonomy":"product_cat","embeddable":true,"href":"https:\/\/agri.kemtag.fr\/index.php\/wp-json\/wp\/v2\/product_cat?post=6167"},{"taxonomy":"product_tag","embeddable":true,"href":"https:\/\/agri.kemtag.fr\/index.php\/wp-json\/wp\/v2\/product_tag?post=6167"}],"curies":[{"name":"wp","href":"https:\/\/api.w.org\/{rel}","templated":true}]}}