{"id":6162,"date":"2023-08-28T09:17:04","date_gmt":"2023-08-28T07:17:04","guid":{"rendered":"https:\/\/kemtag.fr\/agri\/?post_type=product&#038;p=6162"},"modified":"2023-08-28T09:44:58","modified_gmt":"2023-08-28T07:44:58","slug":"compteur-horaire-pto","status":"publish","type":"product","link":"https:\/\/agri.kemtag.fr\/index.php\/produit\/compteur-horaire-pto\/","title":{"rendered":"Compteur Horaire PTO"},"content":{"rendered":"<p><b><u>Description :<\/u><\/b><\/p>\n<p>Le Compteur horaire connect\u00e9 PTO permet de mesurer l&#8217;activit\u00e9 de <b>tout mat\u00e9riel <\/b><b>anim\u00e9 par prise de force<\/b>.<\/p>\n<p>Le responsable peut donc conna\u00eetre le <b>nombre de <\/b><b>d\u00e9clenchement et<\/b><b> le temps d&#8217;utilisation <\/b><b>du mat\u00e9riel<\/b>.<\/p>\n<p><span lang=\"fr-FR\">Le compte<\/span><span lang=\"fr-FR\">ur horaire connect\u00e9 PT<\/span><span lang=\"fr-FR\">O est autonome\u00a0:<\/span><\/p>\n<ul>\n<li><span lang=\"fr-FR\">Il dispose d\u2019une batterie interne recha<\/span><span lang=\"fr-FR\">r<\/span><span lang=\"fr-FR\">geable lui procurant plusieurs mois d\u2019autonomie.<\/span><\/li>\n<li><span lang=\"fr-FR\">Il enregistre l\u2019activit\u00e9 dans une m\u00e9moire en interne.<\/span><\/li>\n<\/ul>\n<p>La r\u00e9cup\u00e9ration des activit\u00e9s s&#8217;effectuent par l\u2019interm\u00e9diaire une <b>application mobile <\/b><b>Android<\/b> ou en temps r\u00e9el gr\u00e2ce au bo\u00eetier Tracktag.<\/p>\n<p>La visualisation s\u2019effectue sur la plate-forme web Kemtag sous la forme <b>d\u2019agenda<\/b> et de <b>courbes d\u2019activit\u00e9<\/b>.<\/p>\n<p>Les dimensions r\u00e9duites et la fixation <b>directement sur l\u2019arbre de prise de force ou l\u2019arbre moteur<\/b> rend le montage du compteur extr\u00eamement simple et rapide et fiable.<\/p>\n<p>Le compteur existe en diff\u00e9rente version pour s\u2019adapter aux versions d\u2019arbre les plus courantes.<\/p>\n<p>Dimension\u00a0du compteur : <b>diam\u00e8tre <\/b><b>115<\/b><b>mm, <\/b><b>\u00e9paisseur 18<\/b><b> mm<\/b>.<\/p>\n<p>Autonomie de <b>3 \u00e0 6 mois<\/b> en fonction de l\u2019activit\u00e9 du mat\u00e9riel.<\/p>\n<p>Ce compteur d\u2019activit\u00e9 connect\u00e9 PTO permet de suivre l\u2019activit\u00e9 de tous les mat\u00e9riels anim\u00e9 par prise de forse : broyeur, broyeur d\u2019accotement, faucheuse, \u00e9pandeur&#8230;<\/p>\n<p>Le compteur connect\u00e9 simplifie le suivi des entretiens en donnant les heures d\u2019utilisation r\u00e9elles permettant ainsi le <b>maintien en condition op\u00e9rationnelle<\/b> de votre mat\u00e9riel et l\u2019optimisation des co\u00fbt d\u2019entretien.<\/p>\n<p><b>Associ\u00e9 \u00e0 la plateforme Kemtag, il permet de r\u00e9aliser la maintenance pr\u00e9ventive <\/b><b>et de g\u00e9n\u00e9rer<\/b><b> <\/b><b>les <\/b><b>alarme<\/b><b>s<\/b><b> p\u00e9riodique<\/b><b>s<\/b><b> d\u2019entretien <\/b><b>bas\u00e9e sur l\u2019utilisation r\u00e9elle du mat\u00e9riel<\/b><b>.<\/b><\/p>\n","protected":false},"excerpt":{"rendered":"<p>Le compteur Horaire PTO est une <b>solution <\/b><b>unique<\/b> permettant de <b>mesurer l\u2019activit\u00e9<\/b> de tout mat\u00e9riel <b>anim\u00e9 par Prise De Force sans cible aimant\u00e9e ni c\u00e2ble<\/b>.<\/p>\n<p>Compteur sp\u00e9cialement adapt\u00e9 aux mat\u00e9riels exigents\u00a0: broyeurs&#8230;<\/p>\n<p><b>Fonctionnalit\u00e9<\/b><b> d<\/b><b>u<\/b><b> <\/b><b>compte<\/b><b>ur horaire PT<\/b><b>O<\/b> <b>:\u00a0 <\/b><\/p>\n<ul>\n<li>Compteur de d\u00e9clenchement de la PDF<\/li>\n<li>Compteur horaire d\u2019activation<\/li>\n<li>Historique de d\u2019utilisation<\/li>\n<li>Simplification de la facturation<\/li>\n<\/ul>\n<p><b>Interface Bluetooth<\/b> compatible application Android<\/p>\n<p>Montage et mise en route rapide <b>sur <\/b><b>l\u2019<\/b><b>arbre de prise de force<\/b> ou l\u2019axe de rotation.<\/p>\n<p>Fonctionnement sur <b>batterie <\/b><b>interne rechargeable<\/b><\/p>\n<p>Rechargeable \u00e0 l\u2019aide d\u2019un c\u00e2ble USB d\u00e9di\u00e9<\/p>\n","protected":false},"featured_media":6163,"template":"","meta":[],"product_cat":[88],"product_tag":[44,45,46,86,87],"class_list":["post-6162","product","type-product","status-publish","has-post-thumbnail","hentry","product_cat-compteur","product_tag-compteur-activite","product_tag-compteur-agricole","product_tag-compteur-connecte","product_tag-compteur-horaire-agricole","product_tag-compteur-prise-de-force"],"_links":{"self":[{"href":"https:\/\/agri.kemtag.fr\/index.php\/wp-json\/wp\/v2\/product\/6162","targetHints":{"allow":["GET"]}}],"collection":[{"href":"https:\/\/agri.kemtag.fr\/index.php\/wp-json\/wp\/v2\/product"}],"about":[{"href":"https:\/\/agri.kemtag.fr\/index.php\/wp-json\/wp\/v2\/types\/product"}],"wp:featuredmedia":[{"embeddable":true,"href":"https:\/\/agri.kemtag.fr\/index.php\/wp-json\/wp\/v2\/media\/6163"}],"wp:attachment":[{"href":"https:\/\/agri.kemtag.fr\/index.php\/wp-json\/wp\/v2\/media?parent=6162"}],"wp:term":[{"taxonomy":"product_cat","embeddable":true,"href":"https:\/\/agri.kemtag.fr\/index.php\/wp-json\/wp\/v2\/product_cat?post=6162"},{"taxonomy":"product_tag","embeddable":true,"href":"https:\/\/agri.kemtag.fr\/index.php\/wp-json\/wp\/v2\/product_tag?post=6162"}],"curies":[{"name":"wp","href":"https:\/\/api.w.org\/{rel}","templated":true}]}}