{"id":6263,"date":"2023-09-06T11:03:08","date_gmt":"2023-09-06T09:03:08","guid":{"rendered":"http:\/\/agri.kemtag.fr\/?page_id=6263"},"modified":"2024-01-17T09:43:55","modified_gmt":"2024-01-17T08:43:55","slug":"mentions-legales","status":"publish","type":"page","link":"https:\/\/agri.kemtag.fr\/index.php\/mentions-legales\/","title":{"rendered":"Mentions l\u00e9gales"},"content":{"rendered":"<div class=\"fusion-fullwidth fullwidth-box fusion-builder-row-1 fusion-flex-container has-pattern-background has-mask-background nonhundred-percent-fullwidth non-hundred-percent-height-scrolling\" style=\"--awb-border-radius-top-left:0px;--awb-border-radius-top-right:0px;--awb-border-radius-bottom-right:0px;--awb-border-radius-bottom-left:0px;--awb-padding-top:50px;--awb-padding-right:100px;--awb-padding-bottom:50px;--awb-padding-left:100px;--awb-flex-wrap:wrap;\" ><div class=\"fusion-builder-row fusion-row fusion-flex-align-items-flex-start fusion-flex-content-wrap\" style=\"max-width:calc( 1100px + 0px );margin-left: calc(-0px \/ 2 );margin-right: calc(-0px \/ 2 );\"><div class=\"fusion-layout-column fusion_builder_column fusion-builder-column-0 fusion_builder_column_1_1 1_1 fusion-flex-column\" style=\"--awb-bg-size:cover;--awb-width-large:100%;--awb-margin-top-large:0px;--awb-spacing-right-large:0;--awb-margin-bottom-large:20px;--awb-spacing-left-large:0;--awb-width-medium:100%;--awb-order-medium:0;--awb-spacing-right-medium:0;--awb-spacing-left-medium:0;--awb-width-small:100%;--awb-order-small:0;--awb-spacing-right-small:0;--awb-spacing-left-small:0;\"><div class=\"fusion-column-wrapper fusion-column-has-shadow fusion-flex-justify-content-flex-start fusion-content-layout-column\"><div class=\"fusion-title title fusion-title-1 fusion-sep-none fusion-title-text fusion-title-size-one\" style=\"--awb-font-size:40px;\"><h1 class=\"fusion-title-heading title-heading-left\" style=\"font-family:&quot;Manrope&quot;;font-style:normal;font-weight:400;margin:0;font-size:1em;\">Mentions l\u00e9gales<\/h1><\/div><div class=\"fusion-text fusion-text-1\" style=\"--awb-font-size:16px;--awb-text-font-family:&quot;Roboto&quot;;--awb-text-font-style:normal;--awb-text-font-weight:400;\"><p>\u00c9dition\/publication du site : DnR&#8217;Sys<br \/>\nSi\u00e8ge social : SARL DNRSYS, 15 HAM DE LA BIGOTAIS 35440 FEINS<br \/>\nN\u00b0 Siret : 79040403200019<br \/>\nT\u00e9l. : 02 30 96 36 73<br \/>\nEmail : contact@dnrsys.fr<br \/>\nCapital social : 5 000 euros<br \/>\nRCS : Rennes B 790 404 032<br \/>\nDirecteur de la publication : David VANDENBERGHE<\/p>\n<p>Creation et mise \u00e0 jour du site internet : DnR&#8217;Sys<br \/>\nSi\u00e8ge social : SARL DNRSYS, 15 HAM DE LA BIGOTAIS 35440 FEINS<br \/>\nN\u00b0 Siret : 79040403200019<br \/>\nT\u00e9l. : 02 30 96 36 73<br \/>\nEmail : contact@dnrsys.fr<br \/>\nCapital social : 5 000 euros<br \/>\nRCS : Rennes B 790 404 032<\/p>\n<p>H\u00e9bergement :<br \/>\nDnR&#8217;Sys \u00e0 partir de la plateforme OVH<br \/>\nRCS Roubaix-Tourcoing B 424 761 419<br \/>\nSi\u00e8ge social : 140 Quai du Sartel<br \/>\n59100 ROUBAIX &#8211; France<\/p>\n<p>Respect de la vie priv\u00e9e et des donn\u00e9es personnelles :<br \/>\nLes donn\u00e9es sont collect\u00e9es et conserv\u00e9es par DnR&#8217;Sys pendant une p\u00e9riode raisonnable dans le but exclusif d&#8217;\u00e9tablir une relation commerciale et professionnelle avec les clients.<br \/>\nSi la personne ne fournit pas toutes les informations obligatoires dans les formulaires du site (*Champs obligatoires), elle ne peut valider le formulaire.<br \/>\nLe droit d&#8217;acc\u00e8s et de rectification pr\u00e9vu \u00e0 l&#8217;article 34 et suivants de la loi pr\u00e9cit\u00e9e s&#8217;exerce par courrier \u00e0 l&#8217;adresse : DnR&#8217;Sys, ZA ROLIN &#8211; 35190 QUEBRIAC<\/p>\n<p>Droits de reproduction :<br \/>\nL&#8217;ensemble de ce site rel\u00e8ve de la l\u00e9gislation fran\u00e7aise et internationale sur le droit d&#8217;auteur et la propri\u00e9t\u00e9 intellectuelle. Tous les droits de reproduction sont r\u00e9serv\u00e9s, y compris les repr\u00e9sentations iconographiques et photographiques. La reproduction de tout ou partie de ce site sur un support quel qu&#8217;il soit est formellement interdite, sauf autorisation expresse du directeur de la publication.<\/p>\n<p>Cr\u00e9dits photographiques :<br \/>\nLes photographies utilis\u00e9es dans ce site font l&#8217;objet de droits r\u00e9serv\u00e9s. Elles ne peuvent pas \u00eatre utilis\u00e9es ou dupliqu\u00e9es sans l&#8217;autorisation \u00e9crite de DnR&#8217;Sys.<\/p>\n<p>Avis relatif \u00e0 la s\u00e9curit\u00e9 :<br \/>\nAfin d&#8217;assurer sa s\u00e9curit\u00e9 et de garantir son acc\u00e8s \u00e0 tous, ce site Internet emploie des logiciels pour contr\u00f4ler les flux sur le site, pour identifier les tentatives non autoris\u00e9es de connexion ou de changement de l&#8217;information, ou toute autre initiative pouvant causer d&#8217;autres dommages. Les tentatives non autoris\u00e9es de chargement d&#8217;information, d&#8217;alt\u00e9ration des informations, visant \u00e0 causer un dommage et d&#8217;une mani\u00e8re g\u00e9n\u00e9rale toute atteinte \u00e0 la disponibilit\u00e9 et l&#8217;int\u00e9grit\u00e9 de ce site sont strictement interdites et seront sanctionn\u00e9es par le code p\u00e9nal. Ainsi l&#8217;article 323-1 du code p\u00e9nal pr\u00e9voit que le fait d&#8217;acc\u00e9der ou de se maintenir frauduleusement, dans tout ou partie d&#8217;un syst\u00e8me de traitement automatis\u00e9 de donn\u00e9es (c&#8217;est le cas d&#8217;un site Internet) est puni de deux ans d&#8217;emprisonnement et de 30 000 Euros d&#8217;amende. L&#8217;article 323-3 du m\u00eame code pr\u00e9voit que le fait d&#8217;introduire frauduleusement des donn\u00e9es dans un syst\u00e8me de traitement automatis\u00e9 ou de supprimer ou de modifier frauduleusement les donn\u00e9es qu&#8217;il contient est puni de cinq ans d&#8217;emprisonnement et de 75 000 Euros d&#8217;amende.<\/p>\n<\/div><\/div><\/div><\/div><\/div>\n","protected":false},"excerpt":{"rendered":"","protected":false},"author":5,"featured_media":0,"parent":0,"menu_order":0,"comment_status":"closed","ping_status":"closed","template":"100-width.php","meta":{"footnotes":""},"class_list":["post-6263","page","type-page","status-publish","hentry"],"_links":{"self":[{"href":"https:\/\/agri.kemtag.fr\/index.php\/wp-json\/wp\/v2\/pages\/6263","targetHints":{"allow":["GET"]}}],"collection":[{"href":"https:\/\/agri.kemtag.fr\/index.php\/wp-json\/wp\/v2\/pages"}],"about":[{"href":"https:\/\/agri.kemtag.fr\/index.php\/wp-json\/wp\/v2\/types\/page"}],"author":[{"embeddable":true,"href":"https:\/\/agri.kemtag.fr\/index.php\/wp-json\/wp\/v2\/users\/5"}],"replies":[{"embeddable":true,"href":"https:\/\/agri.kemtag.fr\/index.php\/wp-json\/wp\/v2\/comments?post=6263"}],"version-history":[{"count":5,"href":"https:\/\/agri.kemtag.fr\/index.php\/wp-json\/wp\/v2\/pages\/6263\/revisions"}],"predecessor-version":[{"id":6321,"href":"https:\/\/agri.kemtag.fr\/index.php\/wp-json\/wp\/v2\/pages\/6263\/revisions\/6321"}],"wp:attachment":[{"href":"https:\/\/agri.kemtag.fr\/index.php\/wp-json\/wp\/v2\/media?parent=6263"}],"curies":[{"name":"wp","href":"https:\/\/api.w.org\/{rel}","templated":true}]}}